{"id":5091,"date":"2024-06-12T18:25:53","date_gmt":"2024-06-12T16:25:53","guid":{"rendered":"https:\/\/www.bzzz-fastandfab.fr\/produit\/uncategorized\/biere\/"},"modified":"2024-06-27T14:00:53","modified_gmt":"2024-06-27T12:00:53","slug":"beer","status":"publish","type":"product","link":"https:\/\/www.bzzz-fastandfab.fr\/en\/product\/drinks\/beers\/beer\/","title":{"rendered":"Beer"},"content":{"rendered":"","protected":false},"excerpt":{"rendered":"<p>Desperados, Corona, Grimbergen, IPA, Blanche des \u00e9crins, Triple au g\u00e9n\u00e9pi, Cascade des \u00e9crins.<\/p>\n","protected":false},"featured_media":4963,"template":"","meta":{"_acf_changed":false,"_seopress_robots_primary_cat":"none","_seopress_titles_title":"","_seopress_titles_desc":"","_seopress_robots_index":"","inline_featured_image":false},"product_brand":[],"product_cat":[109,108],"product_tag":[],"class_list":{"0":"post-5091","1":"product","2":"type-product","3":"status-publish","4":"has-post-thumbnail","6":"product_cat-beers","7":"product_cat-drinks","9":"first","10":"instock","11":"taxable","12":"shipping-taxable","13":"purchasable","14":"product-type-variable"},"acf":[],"_links":{"self":[{"href":"https:\/\/www.bzzz-fastandfab.fr\/en\/wp-json\/wp\/v2\/product\/5091","targetHints":{"allow":["GET"]}}],"collection":[{"href":"https:\/\/www.bzzz-fastandfab.fr\/en\/wp-json\/wp\/v2\/product"}],"about":[{"href":"https:\/\/www.bzzz-fastandfab.fr\/en\/wp-json\/wp\/v2\/types\/product"}],"wp:featuredmedia":[{"embeddable":true,"href":"https:\/\/www.bzzz-fastandfab.fr\/en\/wp-json\/wp\/v2\/media\/4963"}],"wp:attachment":[{"href":"https:\/\/www.bzzz-fastandfab.fr\/en\/wp-json\/wp\/v2\/media?parent=5091"}],"wp:term":[{"taxonomy":"product_brand","embeddable":true,"href":"https:\/\/www.bzzz-fastandfab.fr\/en\/wp-json\/wp\/v2\/product_brand?post=5091"},{"taxonomy":"product_cat","embeddable":true,"href":"https:\/\/www.bzzz-fastandfab.fr\/en\/wp-json\/wp\/v2\/product_cat?post=5091"},{"taxonomy":"product_tag","embeddable":true,"href":"https:\/\/www.bzzz-fastandfab.fr\/en\/wp-json\/wp\/v2\/product_tag?post=5091"}],"curies":[{"name":"wp","href":"https:\/\/api.w.org\/{rel}","templated":true}]}}